{"id":245,"date":"2026-04-07T14:20:16","date_gmt":"2026-04-07T12:20:16","guid":{"rendered":"https:\/\/experiences.nausika.it\/?page_id=245"},"modified":"2026-04-08T12:06:47","modified_gmt":"2026-04-08T10:06:47","slug":"termini-e-condizioni","status":"publish","type":"page","link":"https:\/\/experience.nausika.it\/de\/termini-e-condizioni\/","title":{"rendered":"Bedingungen und Konditionen"},"content":{"rendered":"<div data-elementor-type=\"wp-page\" data-elementor-id=\"245\" class=\"elementor elementor-245\" data-elementor-post-type=\"page\">\n\t\t\t\t<div class=\"elementor-element elementor-element-725b92c6 e-flex e-con-boxed e-con e-parent\" data-id=\"725b92c6\" data-element_type=\"container\" data-e-type=\"container\" data-settings=\"{&quot;jet_parallax_layout_list&quot;:[]}\">\n\t\t\t\t\t<div class=\"e-con-inner\">\n\t\t\t\t<div class=\"elementor-element elementor-element-448fe658 elementor-widget elementor-widget-text-editor\" data-id=\"448fe658\" data-element_type=\"widget\" data-e-type=\"widget\" data-widget_type=\"text-editor.default\">\n\t\t\t\t<div class=\"elementor-widget-container\">\n\t\t\t\t\t\t\t\t\t<p><strong>VERKAUFSBESTIMMUNGEN UND -BEDINGUNGEN<\/strong><\/p>\n<p>Die folgenden Allgemeinen Verkaufsbedingungen regeln zusammen mit den nachstehend genannten Dokumenten, einschlie\u00dflich der Datenschutzrichtlinie, das Angebot und den Verkauf von Produkten und\/oder Dienstleistungen auf unserer Website \u201c<a href=\"https:\/\/experience.nausika.it\/de\/\" data-saferedirecturl=\"https:\/\/www.google.com\/url?q=http:\/\/experience.nausika.it&amp;source=gmail&amp;ust=1775630790783000&amp;usg=AOvVaw1DEmIGmzfnun08R9UWzpH7\">erfahrungen.nausika.co.uk<\/a>\u201c. Bitte lesen Sie diese Allgemeinen Gesch\u00e4ftsbedingungen sorgf\u00e4ltig durch, bevor Sie ein Produkt oder eine Dienstleistung bestellen. Mit der Bestellung eines unserer Produkte\/Dienstleistungen erkl\u00e4ren Sie sich damit einverstanden, an diese Bedingungen und Konditionen gebunden zu sein.<\/p>\n<p>Die Produkte und Dienstleistungen, die \u00fcber\u00a0<a href=\"https:\/\/experience.nausika.it\/de\/\" data-saferedirecturl=\"https:\/\/www.google.com\/url?q=http:\/\/experience.nausika.it&amp;source=gmail&amp;ust=1775630790783000&amp;usg=AOvVaw1DEmIGmzfnun08R9UWzpH7\">erfahrungen.nausika.co.uk<\/a>\u00a0werden direkt verkauft von\u00a0<strong>Nausika Gruppe S.r.l.<\/strong>\u00a0mit Sitz in Via Montecchio Nord 21, 23823 Colico (LC) - Italien (im Folgenden als \u201cWir\u201d, \u201cUns\u201d, \u201cUnser\u201d bezeichnet).<\/p>\n<p>&nbsp;<\/p>\n<ol>\n<li><strong> Unsere Unternehmenspolitik<\/strong><\/li>\n<\/ol>\n<p><strong>1.1<\/strong> Diese Allgemeinen Verkaufsbedingungen gelten, wenn ein Kauf \u00fcber die Website von Nutzern get\u00e4tigt wird, die sich als \u201cKunden\u201d qualifizieren und <a href=\"https:\/\/experience.nausika.it\/de\/\" data-saferedirecturl=\"https:\/\/www.google.com\/url?q=http:\/\/experience.nausika.it&amp;source=gmail&amp;ust=1775630790783000&amp;usg=AOvVaw1DEmIGmzfnun08R9UWzpH7\">erfahrungen.nausika.co.uk<\/a>.<\/p>\n<p>Die Website ist auf Verk\u00e4ufe an Verbraucher ausgerichtet; sollte es zu einem oder mehreren Verk\u00e4ufen an Personen kommen, die nicht als Verbraucher gelten, finden die vorliegenden Allgemeinen Verkaufsbedingungen Anwendung, jedoch mit den folgenden Ausnahmen:<\/p>\n<ul>\n<li>Der K\u00e4ufer hat nicht das Recht, vom Kauf zur\u00fcckzutreten, wie in der Rubrik \"R\u00fcckgabebedingungen\" auf der Website beschrieben <a href=\"https:\/\/experience.nausika.it\/de\/\" data-saferedirecturl=\"https:\/\/www.google.com\/url?q=http:\/\/experience.nausika.it&amp;source=gmail&amp;ust=1775630790783000&amp;usg=AOvVaw1DEmIGmzfnun08R9UWzpH7\">erfahrungen.nausika.co.uk<\/a>;<\/li>\n<li>Der K\u00e4ufer kommt nicht in den Genuss der in Artikel 3 dieser Bedingungen genannten Produktgarantie;<\/li>\n<li>Der K\u00e4ufer kommt nicht in den Genuss s\u00e4mtlicher gesetzlicher Garantien, die den Verbraucher sch\u00fctzen und vom Gesetz garantiert werden.<\/li>\n<\/ul>\n<p>&nbsp;<\/p>\n<p><strong>1.2<\/strong>\u00a0Soweit nicht anders angegeben, gelten f\u00fcr die Nutzung dieser Website generell die in diesem Abschnitt aufgef\u00fchrten Nutzungsbedingungen. Einzelne oder zus\u00e4tzliche Nutzungs- oder Zugangsbedingungen k\u00f6nnen in bestimmten Szenarien gelten und werden in solchen F\u00e4llen ebenfalls in diesem Dokument dargelegt.<\/p>\n<p><strong>1.3<\/strong>\u00a0Um den Dienst nutzen zu k\u00f6nnen, m\u00fcssen sich die Nutzer registrieren oder ein Nutzerkonto anlegen und dabei alle geforderten Daten oder Informationen vollst\u00e4ndig und wahrheitsgem\u00e4\u00df angeben. Die Nutzer k\u00f6nnen den Dienst auch nutzen, ohne sich zu registrieren oder ein Nutzerkonto anzulegen; dies kann jedoch zu einer eingeschr\u00e4nkten Verf\u00fcgbarkeit einiger Merkmale oder Funktionen f\u00fchren. Die Nutzer sind daf\u00fcr verantwortlich, ihre Zugangsdaten vertraulich und sicher zu behandeln. Aus diesem Grund sind die Nutzer auch daf\u00fcr verantwortlich, Zugangsdaten zu w\u00e4hlen, die den h\u00f6chsten von dieser Website zugelassenen Sicherheitsstandards entsprechen.<\/p>\n<p>Mit der Registrierung erkl\u00e4ren sich die Nutzer bereit, die volle Verantwortung f\u00fcr alle Aktivit\u00e4ten zu \u00fcbernehmen, die unter ihrem Benutzernamen und ihrem Passwort stattfinden. Die Nutzer sind verpflichtet, uns unverz\u00fcglich und unmissverst\u00e4ndlich \u00fcber die in diesem Dokument angegebenen Kontaktdaten zu informieren, wenn sie glauben, dass ihre pers\u00f6nlichen Informationen, einschlie\u00dflich, aber nicht beschr\u00e4nkt auf Benutzerkonten, Anmeldeinformationen oder pers\u00f6nliche Daten, gehackt, unrechtm\u00e4\u00dfig offengelegt oder gestohlen wurden.<\/p>\n<p><strong>1.4 Kontoaufl\u00f6sung<\/strong><\/p>\n<p>Die Nutzer k\u00f6nnen ihr Konto jederzeit schlie\u00dfen und die Nutzung des Dienstes einstellen, indem sie sich direkt mit uns \u00fcber die in diesem Dokument angegebenen Kontaktinformationen in Verbindung setzen.<\/p>\n<p><strong>1.5 Sperrung und L\u00f6schung von Konten<\/strong><\/p>\n<p>Wir behalten uns das Recht vor, nach eigenem Ermessen jederzeit und ohne Vorank\u00fcndigung Benutzerkonten zu sperren oder zu l\u00f6schen, die wir f\u00fcr unangemessen oder anst\u00f6\u00dfig halten oder die gegen diese Bedingungen versto\u00dfen.<\/p>\n<p>Die Sperrung oder L\u00f6schung von Nutzerkonten berechtigt den Nutzer nicht zu Schadensersatz-, Entsch\u00e4digungs- oder Erstattungsanspr\u00fcchen. Die Sperrung oder L\u00f6schung von Konten aus Gr\u00fcnden, die der Nutzer zu vertreten hat, entbindet den Nutzer nicht von der Zahlung der geltenden Geb\u00fchren oder Preise.<\/p>\n<p><strong>1.6 Inhalt dieser Website<\/strong><\/p>\n<p>Sofern nicht anders angegeben oder klar erkennbar, sind alle auf dieser Website verf\u00fcgbaren Inhalte unser Eigentum oder werden von uns oder unseren Lizenzgebern bereitgestellt.<\/p>\n<p>Wir bem\u00fchen uns, dass die auf dieser Website bereitgestellten Inhalte keine geltenden gesetzlichen Bestimmungen oder Rechte Dritter verletzen. Es ist jedoch nicht immer m\u00f6glich, diesen Zweck zu erf\u00fcllen.<\/p>\n<p>In solchen F\u00e4llen werden die Nutzer unbeschadet der gesetzlichen M\u00f6glichkeiten zur Geltendmachung ihrer Rechte gebeten, ihre Beschwerden vorzugsweise \u00fcber die in diesem Dokument angegebenen Kontaktdaten zu melden.<\/p>\n<p><strong>1.7 Rechte an den Inhalten dieser Website - Alle Rechte vorbehalten<\/strong><\/p>\n<p>Wir besitzen und behalten uns alle geistigen Eigentumsrechte an diesen Inhalten vor. Die Nutzer d\u00fcrfen diese Inhalte nicht auf eine Art und Weise verwenden, die f\u00fcr die ordnungsgem\u00e4\u00dfe Nutzung des Dienstes nicht erforderlich oder impliziert ist.<\/p>\n<p>Insbesondere, aber ohne Einschr\u00e4nkung, ist es den Nutzern untersagt, die auf dieser Website verf\u00fcgbaren Inhalte zu kopieren, herunterzuladen, weiterzugeben (\u00fcber die unten genannten Grenzen hinaus), zu modifizieren, zu \u00fcbersetzen, umzuwandeln, zu ver\u00f6ffentlichen, zu \u00fcbertragen, zu verkaufen, zu lizenzieren, zu modifizieren, an Dritte zu \u00fcbertragen\/abzutreten oder davon abgeleitete Werke zu erstellen, und auch Dritten nicht zu gestatten, dies \u00fcber den Nutzer oder sein Ger\u00e4t zu tun, auch nicht ohne das Wissen des Nutzers.<\/p>\n<p>Wo dies auf dieser Website ausdr\u00fccklich angegeben ist, d\u00fcrfen Sie bestimmte Inhalte, die \u00fcber diese Website verf\u00fcgbar sind, nur f\u00fcr Ihren pers\u00f6nlichen, nicht-kommerziellen Gebrauch herunterladen, kopieren und\/oder weitergeben, vorausgesetzt, dass Urheberrechtsvermerke und alle anderen von uns geforderten Vermerke ordnungsgem\u00e4\u00df angebracht werden.<\/p>\n<p>Etwaige urheberrechtliche Beschr\u00e4nkungen oder gesetzliche Ausnahmen bleiben unber\u00fchrt.<\/p>\n<p><strong>1.8 Zugang zu externen Ressourcen<\/strong><\/p>\n<p>\u00dcber diese Website k\u00f6nnen die Nutzer Zugang zu externen Ressourcen haben, die von Dritten bereitgestellt werden. Die Nutzer erkennen an und stimmen zu, dass wir keine Kontrolle \u00fcber solche Ressourcen haben und daher nicht f\u00fcr deren Inhalt oder Verf\u00fcgbarkeit verantwortlich sind. Die f\u00fcr die von Dritten bereitgestellten Ressourcen geltenden Bedingungen, einschlie\u00dflich der Bedingungen f\u00fcr die Gew\u00e4hrung von Rechten an den Inhalten, ergeben sich aus den Bedingungen der jeweiligen Dritten.<\/p>\n<p>&nbsp;<\/p>\n<ol start=\"2\">\n<li><strong> Wie Sie einen Vertrag mit uns abschlie\u00dfen<\/strong><\/li>\n<\/ol>\n<p><strong>2.1<\/strong> Um eine Bestellung aufzugeben f\u00fcr den Kauf auf <a href=\"https:\/\/experience.nausika.it\/de\/\" data-saferedirecturl=\"https:\/\/www.google.com\/url?q=http:\/\/experience.nausika.it&amp;source=gmail&amp;ust=1775630790783000&amp;usg=AOvVaw1DEmIGmzfnun08R9UWzpH7\">erfahrungen.nausika.co.uk<\/a>, m\u00fcssen Sie das Online-Bestellformular ausf\u00fcllen und uns elektronisch \u00fcbermitteln, indem Sie die entsprechenden Anweisungen befolgen.<\/p>\n<p><strong>2.2<\/strong>\u00a0Das Bestellformular enth\u00e4lt einen Link zu den vorliegenden Allgemeinen Verkaufsbedingungen und dar\u00fcber hinaus Informationen \u00fcber die wichtigsten Merkmale jedes bestellten Produkts\/jeder bestellten Dienstleistung und seinen\/ihren Einzelpreis (einschlie\u00dflich aller anfallenden Provisionen und italienischen Steuern), die Zahlungsart, die der Nutzer f\u00fcr den Kauf verwenden kann, die Nutzungs-\/Versandbedingungen, etwaige Zusatzkosten sowie Hinweise auf die Widerrufs- und R\u00fcckgabebedingungen gem\u00e4\u00df den Verbraucherschutzvorschriften.<\/p>\n<p><strong>2.3<\/strong>\u00a0Eine Bestellung gilt als abgeschickt, wenn das Bestellformular elektronisch bei uns eingeht und die Bestelldaten als korrekt \u00fcberpr\u00fcft wurden.<\/p>\n<p><strong>2.4<\/strong>\u00a0Vor dem Absenden des Bestellformulars werden Sie aufgefordert, die Allgemeinen Gesch\u00e4ftsbedingungen sorgf\u00e4ltig zu lesen, ein Exemplar \u00fcber die Druckoption auszudrucken und ein Exemplar f\u00fcr Ihren pers\u00f6nlichen Gebrauch zu speichern oder zu vervielf\u00e4ltigen.<\/p>\n<p><strong>2.5<\/strong>\u00a0Das Bestellformular wird so lange in unserer Datenbank gespeichert, wie es f\u00fcr die Bearbeitung Ihrer Bestellung erforderlich ist und wie es das Gesetz verlangt. Sie k\u00f6nnen auf Ihr Bestellformular zugreifen, indem Sie sich in Ihr pers\u00f6nliches Konto einloggen oder Ihren E-Mail-Posteingang \u00fcberpr\u00fcfen.<\/p>\n<p><strong>2.6<\/strong>\u00a0Vor dem Absenden des Bestellformulars werden Sie aufgefordert, eventuelle Eingabefehler zu erkennen und zu korrigieren.<\/p>\n<p><strong>2.7<\/strong>\u00a0Nachdem Sie Ihr Bestellformular abgeschickt haben, wird Ihre Bestellung bearbeitet.<\/p>\n<p><strong>2.8<\/strong> Wir k\u00f6nnen K\u00e4ufe nicht bearbeiten, wenn keine ausreichenden Garantien f\u00fcr die Zahlungsf\u00e4higkeit vorliegen, wenn die Bestellungen unvollst\u00e4ndig oder fehlerhaft sind oder wenn die Dienstleistungen\/Produkte nicht mehr verf\u00fcgbar sind. In diesen F\u00e4llen werden wir Sie per E-Mail dar\u00fcber informieren, dass der Vertrag nicht zustande gekommen ist und dass wir Ihre Bestellung nicht weiterverfolgt haben, wobei wir die Gr\u00fcnde daf\u00fcr angeben. Wenn die auf der Website angezeigten Dienstleistungen <a href=\"https:\/\/experience.nausika.it\/de\/\" data-saferedirecturl=\"https:\/\/www.google.com\/url?q=http:\/\/experience.nausika.it&amp;source=gmail&amp;ust=1775630790783000&amp;usg=AOvVaw1DEmIGmzfnun08R9UWzpH7\">erfahrungen.nausika.co.uk<\/a>\u00a0nicht mehr verf\u00fcgbar sind, werden wir Sie innerhalb von drei\u00dfig (30) Tagen nach Eingang Ihrer Bestellung \u00fcber die Nichtverf\u00fcgbarkeit informieren. Wenn der Preis f\u00fcr Artikel, die nicht mehr verf\u00fcgbar sind, bereits bezahlt wurde, erstatten wir den gezahlten Betrag.<\/p>\n<p><strong>2.9<\/strong> Indem Sie uns ein Bestellformular \u00fcbermitteln, akzeptieren Sie vorbehaltlos diese Allgemeinen Verkaufsbedingungen und verpflichten sich, diese bei Vertr\u00e4gen mit uns zu beachten. Wenn Sie mit einzelnen Bestimmungen nicht einverstanden sind, senden Sie Ihr Bestellformular bitte nicht an <a href=\"https:\/\/experience.nausika.it\/de\/\" data-saferedirecturl=\"https:\/\/www.google.com\/url?q=http:\/\/experience.nausika.it&amp;source=gmail&amp;ust=1775630790783000&amp;usg=AOvVaw1DEmIGmzfnun08R9UWzpH7\">erfahrungen.nausika.co.uk<\/a>.<\/p>\n<p><strong>2.10<\/strong> Mit dem Absenden eines Bestellformulars akzeptieren Sie diese Allgemeinen Verkaufsbedingungen sowie die weiteren Bedingungen, die auf <a href=\"https:\/\/experience.nausika.it\/de\/\" data-saferedirecturl=\"https:\/\/www.google.com\/url?q=http:\/\/experience.nausika.it&amp;source=gmail&amp;ust=1775630790783000&amp;usg=AOvVaw1DEmIGmzfnun08R9UWzpH7\">erfahrungen.nausika.co.uk<\/a>, einschlie\u00dflich der Allgemeinen Nutzungsbedingungen und der Datenschutzrichtlinie.<\/p>\n<p><strong>2.11<\/strong>\u00a0Wenn Sie ein Bestellformular abschicken, senden wir Ihnen eine E-Mail, die den Eingang der Bestellung best\u00e4tigt und eine Zusammenfassung der Informationen zu diesem Bestellformular enth\u00e4lt.<\/p>\n<p><strong>2.12<\/strong>\u00a0Bitte beachten Sie, dass alle gekauften Artikel\/Dienstleistungen der Gesetzgebung des Landes unterliegen, in dem sie geliefert\/genutzt werden. Wir haften nicht f\u00fcr die Nichteinhaltung der \u00f6rtlichen Vorschriften durch den Kunden.<\/p>\n<p><strong>2.13<\/strong>\u00a0Die Nutzer der Website k\u00f6nnen weltweit darauf zugreifen, und die Website kann Hinweise auf Dienstleistungen enthalten, die in dem Land des Website-Besuchers nicht verf\u00fcgbar sind oder nicht erworben werden k\u00f6nnen.<\/p>\n<p>&nbsp;<\/p>\n<ol start=\"3\">\n<li><strong> Garantien und Preisangaben<\/strong><\/li>\n<\/ol>\n<p><strong>3.1<\/strong> Die wesentlichen Merkmale der Dienstleistungen\/Produkte werden auf <a href=\"https:\/\/experience.nausika.it\/de\/\" data-saferedirecturl=\"https:\/\/www.google.com\/url?q=http:\/\/experience.nausika.it&amp;source=gmail&amp;ust=1775630790783000&amp;usg=AOvVaw1DEmIGmzfnun08R9UWzpH7\">erfahrungen.nausika.co.uk<\/a>\u00a0in jedem Beschreibungsblatt. Obwohl sie so genau wie technisch m\u00f6glich dargestellt werden, dient die Darstellung auf dieser Website mit allen Mitteln (Bilder, Farben, T\u00f6ne) nur als Referenz und impliziert keine Garantie f\u00fcr die genauen visuellen Eigenschaften des erworbenen Produkts\/der erworbenen Dienstleistung.<\/p>\n<p><strong>3.2<\/strong>\u00a0Die Preise k\u00f6nnen sich \u00e4ndern und werden von Zeit zu Zeit auf unserer Website angegeben, es sei denn, es liegt ein offensichtlicher Fehler vor. Bitte \u00fcberpr\u00fcfen Sie den endg\u00fcltigen Verkaufspreis, bevor Sie das entsprechende Bestellformular absenden.<\/p>\n<p><strong>3.3<\/strong>\u00a0Bestellungen mit W\u00fcnschen, die wir aus logistischen Gr\u00fcnden nicht erf\u00fcllen k\u00f6nnen, werden automatisch storniert.<\/p>\n<p><strong>3.4<\/strong>\u00a0Beanstandungen, die die Erbringung der Dienstleistung oder den Zustand der Ware betreffen, sind unverz\u00fcglich zu melden. Bei physischen G\u00fctern wird der Kunde gebeten, einen fotografischen Beweis des Mangels vorzulegen; bei Dienstleistungen oder Erfahrungen erfolgt die Meldung an Ort und Stelle oder so schnell wie m\u00f6glich.<\/p>\n<p>&nbsp;<\/p>\n<ol start=\"4\">\n<li><strong> Zahlungen<\/strong><\/li>\n<\/ol>\n<p><strong>4.1<\/strong>\u00a0Die Zahlung der Preise und der damit verbundenen zus\u00e4tzlichen Kosten muss auf eine der auf dem Bestellformular angegebenen Arten erfolgen.<\/p>\n<p><strong>4.2<\/strong>\u00a0Im Falle einer Zahlung per Kredit-\/Debitkarte werden alle Daten (z. B. Kartennummer oder Ablaufdatum) \u00fcber ein verschl\u00fcsseltes Protokoll an Banken gesendet, die elektronische Fernzahlungsdienste anbieten, ohne dass Dritte Zugang zu diesen Daten haben. Diese Daten werden von uns nicht verwendet, es sei denn, um das Verfahren im Zusammenhang mit Ihrem Kauf auszuf\u00fchren, R\u00fcckerstattungen im Falle von Stornierungen\/R\u00fcckgaben in \u00dcbereinstimmung mit unseren Richtlinien vorzunehmen oder Betrugsf\u00e4lle bei der Polizei zu melden.<\/p>\n<p>&nbsp;<\/p>\n<ol start=\"5\">\n<li><strong> Kundenbetreuung<\/strong><\/li>\n<\/ol>\n<p><strong>5.1<\/strong>\u00a0F\u00fcr weitere Informationen schreiben Sie bitte an\u00a0<strong><a href=\"mailto:experience@nausika.it\">experience@nausika.it<\/a><\/strong>.<\/p>\n<p>&nbsp;<\/p>\n<ol start=\"6\">\n<li><strong> Priva<\/strong><strong>cy<\/strong><\/li>\n<\/ol>\n<p>Informationen \u00fcber die Verarbeitung Ihrer pers\u00f6nlichen Daten finden Sie, wenn Sie auf unsere\u00a0<strong><a class=\"iubenda-black no-brand iubenda-noiframe iubenda-embed\" title=\"Datenschutzbestimmungen \" href=\"https:\/\/www.iubenda.com\/privacy-policy\/52653591\">Datenschutzbestimmungen<\/a><\/strong>\u00a0auf der Website.<\/p>\n<p>&nbsp;<\/p>\n<ol start=\"7\">\n<li><strong> Anwendbares Recht und Gerichtsbarkeit<\/strong><\/li>\n<\/ol>\n<p><strong>7.1<\/strong>\u00a0Die vorliegenden Allgemeinen Verkaufsbedingungen unterliegen dem italienischen Recht und insbesondere dem Gesetzesdekret Nr. 206 vom 6. September 2005 \u00fcber Fernabsatzvertr\u00e4ge und dem Gesetzesdekret Nr. 70 vom 9. April 2003 \u00fcber bestimmte Aspekte des elektronischen Handels. Bitte beachten Sie, dass die Europ\u00e4ische Kommission eine Plattform zur alternativen Streitbeilegung bereitstellt, die Sie unter\u00a0<a href=\"http:\/\/ec.europa.eu\/odr\" data-saferedirecturl=\"https:\/\/www.google.com\/url?q=http:\/\/ec.europa.eu\/odr&amp;source=gmail&amp;ust=1775630790784000&amp;usg=AOvVaw0FFX7JjwAwkT_siLmHyhuI\">http:\/\/ec.europa.eu\/odr<\/a>.<\/p>\n<p><strong>7.2<\/strong>\u00a0F\u00fcr die Beilegung etwaiger Streitigkeiten ist ausschlie\u00dflich das Gericht in Mailand, Italien, zust\u00e4ndig, unbeschadet der Zust\u00e4ndigkeit des Verbrauchers, sofern dies gesetzlich vorgesehen ist.<\/p>\n<p>&nbsp;<\/p>\n<ol start=\"8\">\n<li><strong>\u00c4nderungen und Aktualisierungen<\/strong><\/li>\n<\/ol>\n<p><strong>8.1<\/strong> Die Allgemeinen Verkaufsbedingungen k\u00f6nnen von Zeit zu Zeit aufgrund von neuen Gesetzen und Vorschriften oder aus anderen gesch\u00e4ftlichen Gr\u00fcnden ge\u00e4ndert werden. Die neuen Allgemeinen Verkaufsbedingungen gelten ab dem Datum der Ver\u00f6ffentlichung am <a href=\"https:\/\/experience.nausika.it\/de\/\" data-saferedirecturl=\"https:\/\/www.google.com\/url?q=http:\/\/experience.nausika.it&amp;source=gmail&amp;ust=1775630790783000&amp;usg=AOvVaw1DEmIGmzfnun08R9UWzpH7\">erfahrungen.nausika.co.uk<\/a>.<\/p>\t\t\t\t\t\t\t\t<\/div>\n\t\t\t\t<\/div>\n\t\t\t\t\t<\/div>\n\t\t\t\t<\/div>\n\t\t\t\t<\/div>","protected":false},"excerpt":{"rendered":"<p>TERMINI E CONDIZIONI DI VENDITA Le seguenti Condizioni Generali di Vendita, unitamente ai documenti a cui ci si riferisce di seguito, inclusa l&#8217;Informativa sulla Privacy, disciplinano l&#8217;offerta e la vendita di prodotti e\/o servizi sul nostro sito web &#8220;experiences.nausika.it&#8220;. Si prega di leggere attentamente questi termini e condizioni prima di ordinare qualsiasi prodotto o servizio. [&hellip;]<\/p>\n","protected":false},"author":1,"featured_media":0,"parent":0,"menu_order":14,"comment_status":"closed","ping_status":"closed","template":"","meta":{"footnotes":""},"class_list":["post-245","page","type-page","status-publish","hentry"],"yoast_head":"<!-- This site is optimized with the Yoast SEO plugin v27.3 - https:\/\/yoast.com\/product\/yoast-seo-wordpress\/ -->\n<title>Termini e condizioni | Nausika Boat Tours &amp; Rental<\/title>\n<meta name=\"description\" content=\"Leggi i termini e le condizioni per l&#039;acquisto dei boat tour organizzati e del noleggio barche sul Lago di Como offerti da Nausika.\" \/>\n<meta name=\"robots\" content=\"index, follow, max-snippet:-1, max-image-preview:large, max-video-preview:-1\" \/>\n<link rel=\"canonical\" href=\"https:\/\/experience.nausika.it\/de\/termini-e-condizioni\/\" \/>\n<meta property=\"og:locale\" content=\"de_DE\" \/>\n<meta property=\"og:type\" content=\"article\" \/>\n<meta property=\"og:title\" content=\"Termini e condizioni | Nausika Boat Tours &amp; Rental\" \/>\n<meta property=\"og:description\" content=\"Leggi i termini e le condizioni per l&#039;acquisto dei boat tour organizzati e del noleggio barche sul Lago di Como offerti da Nausika.\" \/>\n<meta property=\"og:url\" content=\"https:\/\/experience.nausika.it\/de\/termini-e-condizioni\/\" \/>\n<meta property=\"og:site_name\" content=\"Nausika Boat Tours &amp; Rental\" \/>\n<meta property=\"article:modified_time\" content=\"2026-04-08T10:06:47+00:00\" \/>\n<meta name=\"twitter:card\" content=\"summary_large_image\" \/>\n<meta name=\"twitter:label1\" content=\"Gesch\u00e4tzte Lesezeit\" \/>\n\t<meta name=\"twitter:data1\" content=\"10\u00a0Minuten\" \/>\n<script type=\"application\/ld+json\" class=\"yoast-schema-graph\">{\"@context\":\"https:\\\/\\\/schema.org\",\"@graph\":[{\"@type\":\"WebPage\",\"@id\":\"https:\\\/\\\/experience.nausika.it\\\/de\\\/termini-e-condizioni\\\/\",\"url\":\"https:\\\/\\\/experience.nausika.it\\\/de\\\/termini-e-condizioni\\\/\",\"name\":\"Termini e condizioni | Nausika Boat Tours &amp; Rental\",\"isPartOf\":{\"@id\":\"https:\\\/\\\/experience.nausika.it\\\/de\\\/#website\"},\"datePublished\":\"2026-04-07T12:20:16+00:00\",\"dateModified\":\"2026-04-08T10:06:47+00:00\",\"description\":\"Leggi i termini e le condizioni per l'acquisto dei boat tour organizzati e del noleggio barche sul Lago di Como offerti da Nausika.\",\"breadcrumb\":{\"@id\":\"https:\\\/\\\/experience.nausika.it\\\/de\\\/termini-e-condizioni\\\/#breadcrumb\"},\"inLanguage\":\"de\",\"potentialAction\":[{\"@type\":\"ReadAction\",\"target\":[\"https:\\\/\\\/experience.nausika.it\\\/de\\\/termini-e-condizioni\\\/\"]}]},{\"@type\":\"BreadcrumbList\",\"@id\":\"https:\\\/\\\/experience.nausika.it\\\/de\\\/termini-e-condizioni\\\/#breadcrumb\",\"itemListElement\":[{\"@type\":\"ListItem\",\"position\":1,\"name\":\"Home\",\"item\":\"https:\\\/\\\/experience.nausika.it\\\/\"},{\"@type\":\"ListItem\",\"position\":2,\"name\":\"Termini e condizioni\"}]},{\"@type\":\"WebSite\",\"@id\":\"https:\\\/\\\/experience.nausika.it\\\/de\\\/#website\",\"url\":\"https:\\\/\\\/experience.nausika.it\\\/de\\\/\",\"name\":\"Nausika Boat Tours &amp; Rental\",\"description\":\"\",\"potentialAction\":[{\"@type\":\"SearchAction\",\"target\":{\"@type\":\"EntryPoint\",\"urlTemplate\":\"https:\\\/\\\/experience.nausika.it\\\/de\\\/?s={search_term_string}\"},\"query-input\":{\"@type\":\"PropertyValueSpecification\",\"valueRequired\":true,\"valueName\":\"search_term_string\"}}],\"inLanguage\":\"de\"}]}<\/script>\n<!-- \/ Yoast SEO plugin. -->","yoast_head_json":{"title":"Allgemeine Gesch\u00e4ftsbedingungen | Nausika Boat Tours &amp; Rental","description":"Lesen Sie die Allgemeinen Gesch\u00e4ftsbedingungen f\u00fcr organisierte Bootstouren und Bootsverleih auf dem Comer See, die von Nausika angeboten werden.","robots":{"index":"index","follow":"follow","max-snippet":"max-snippet:-1","max-image-preview":"max-image-preview:large","max-video-preview":"max-video-preview:-1"},"canonical":"https:\/\/experience.nausika.it\/de\/termini-e-condizioni\/","og_locale":"de_DE","og_type":"article","og_title":"Termini e condizioni | Nausika Boat Tours &amp; Rental","og_description":"Leggi i termini e le condizioni per l'acquisto dei boat tour organizzati e del noleggio barche sul Lago di Como offerti da Nausika.","og_url":"https:\/\/experience.nausika.it\/de\/termini-e-condizioni\/","og_site_name":"Nausika Boat Tours &amp; Rental","article_modified_time":"2026-04-08T10:06:47+00:00","twitter_card":"summary_large_image","twitter_misc":{"Gesch\u00e4tzte Lesezeit":"10\u00a0Minuten"},"schema":{"@context":"https:\/\/schema.org","@graph":[{"@type":"WebPage","@id":"https:\/\/experience.nausika.it\/de\/termini-e-condizioni\/","url":"https:\/\/experience.nausika.it\/de\/termini-e-condizioni\/","name":"Allgemeine Gesch\u00e4ftsbedingungen | Nausika Boat Tours &amp; Rental","isPartOf":{"@id":"https:\/\/experience.nausika.it\/de\/#website"},"datePublished":"2026-04-07T12:20:16+00:00","dateModified":"2026-04-08T10:06:47+00:00","description":"Lesen Sie die Allgemeinen Gesch\u00e4ftsbedingungen f\u00fcr organisierte Bootstouren und Bootsverleih auf dem Comer See, die von Nausika angeboten werden.","breadcrumb":{"@id":"https:\/\/experience.nausika.it\/de\/termini-e-condizioni\/#breadcrumb"},"inLanguage":"de","potentialAction":[{"@type":"ReadAction","target":["https:\/\/experience.nausika.it\/de\/termini-e-condizioni\/"]}]},{"@type":"BreadcrumbList","@id":"https:\/\/experience.nausika.it\/de\/termini-e-condizioni\/#breadcrumb","itemListElement":[{"@type":"ListItem","position":1,"name":"Home","item":"https:\/\/experience.nausika.it\/"},{"@type":"ListItem","position":2,"name":"Termini e condizioni"}]},{"@type":"WebSite","@id":"https:\/\/experience.nausika.it\/de\/#website","url":"https:\/\/experience.nausika.it\/de\/","name":"Nausika Bootstouren und -verleih","description":"","potentialAction":[{"@type":"SearchAction","target":{"@type":"EntryPoint","urlTemplate":"https:\/\/experience.nausika.it\/de\/?s={search_term_string}"},"query-input":{"@type":"PropertyValueSpecification","valueRequired":true,"valueName":"search_term_string"}}],"inLanguage":"de"}]}},"_links":{"self":[{"href":"https:\/\/experience.nausika.it\/de\/wp-json\/wp\/v2\/pages\/245","targetHints":{"allow":["GET"]}}],"collection":[{"href":"https:\/\/experience.nausika.it\/de\/wp-json\/wp\/v2\/pages"}],"about":[{"href":"https:\/\/experience.nausika.it\/de\/wp-json\/wp\/v2\/types\/page"}],"author":[{"embeddable":true,"href":"https:\/\/experience.nausika.it\/de\/wp-json\/wp\/v2\/users\/1"}],"replies":[{"embeddable":true,"href":"https:\/\/experience.nausika.it\/de\/wp-json\/wp\/v2\/comments?post=245"}],"version-history":[{"count":17,"href":"https:\/\/experience.nausika.it\/de\/wp-json\/wp\/v2\/pages\/245\/revisions"}],"predecessor-version":[{"id":2570,"href":"https:\/\/experience.nausika.it\/de\/wp-json\/wp\/v2\/pages\/245\/revisions\/2570"}],"wp:attachment":[{"href":"https:\/\/experience.nausika.it\/de\/wp-json\/wp\/v2\/media?parent=245"}],"curies":[{"name":"wp","href":"https:\/\/api.w.org\/{rel}","templated":true}]}}